{"id":2692,"date":"2020-11-04T10:58:40","date_gmt":"2020-11-04T13:58:40","guid":{"rendered":"http:\/\/latinoamerica21.com\/?page_id=2692"},"modified":"2023-04-26T13:54:01","modified_gmt":"2023-04-26T16:54:01","slug":"newsletter-en","status":"publish","type":"page","link":"https:\/\/latinoamerica21.com\/en\/newsletter-en\/","title":{"rendered":"Subscribe to the L21 Newsletter"},"content":{"rendered":"<p>Professionelle Ghostwriting -Agenturen k\u00f6nnen dazu beitragen, ein fertiges Manuskript zu erstellen. Wenn Sie sich um viele der verschiedenen Schritte k\u00fcmmern, k\u00f6nnen sie <a href=\"https:\/\/akadeule.de\/\">ghostwriter agentur<\/a> Kunden Zeit, M\u00fche, Arbeit und Liebe zum Detail ersparen.<\/p>\n<p>Sign up for our newsletter and receive monthly articles from Latinoam\u00e9rica21.<\/p>\n\n\n<p>[mc4wp_form id=&#8221;2673&#8243;]<\/p>\n","protected":false},"excerpt":{"rendered":"<p>Professionelle Ghostwriting -Agenturen k\u00f6nnen dazu beitragen, ein fertiges Manuskript zu erstellen. Wenn Sie sich um viele der verschiedenen Schritte k\u00fcmmern, k\u00f6nnen sie ghostwriter agentur Kunden Zeit, M\u00fche, Arbeit und Liebe zum Detail ersparen. Sign up for our newsletter and receive monthly articles from Latinoam\u00e9rica21.<\/p>\n","protected":false},"author":15,"featured_media":0,"parent":0,"menu_order":0,"comment_status":"closed","ping_status":"closed","template":"","meta":{"_acf_changed":false,"episode_type":"","audio_file":"","cover_image":"","cover_image_id":"","duration":"","filesize":"","filesize_raw":"","date_recorded":"","explicit":"","block":"","itunes_episode_number":"","itunes_title":"","itunes_season_number":"","itunes_episode_type":"","footnotes":""},"class_list":["post-2692","page","type-page","status-publish"],"acf":[],"_links":{"self":[{"href":"https:\/\/latinoamerica21.com\/en\/wp-json\/wp\/v2\/pages\/2692","targetHints":{"allow":["GET"]}}],"collection":[{"href":"https:\/\/latinoamerica21.com\/en\/wp-json\/wp\/v2\/pages"}],"about":[{"href":"https:\/\/latinoamerica21.com\/en\/wp-json\/wp\/v2\/types\/page"}],"author":[{"embeddable":true,"href":"https:\/\/latinoamerica21.com\/en\/wp-json\/wp\/v2\/users\/15"}],"replies":[{"embeddable":true,"href":"https:\/\/latinoamerica21.com\/en\/wp-json\/wp\/v2\/comments?post=2692"}],"version-history":[{"count":0,"href":"https:\/\/latinoamerica21.com\/en\/wp-json\/wp\/v2\/pages\/2692\/revisions"}],"wp:attachment":[{"href":"https:\/\/latinoamerica21.com\/en\/wp-json\/wp\/v2\/media?parent=2692"}],"curies":[{"name":"wp","href":"https:\/\/api.w.org\/{rel}","templated":true}]}}